{"id":104,"date":"2022-03-24T14:49:47","date_gmt":"2022-03-24T14:49:47","guid":{"rendered":"https:\/\/leuchtturm-rechtschreibesystem.ch\/?page_id=104"},"modified":"2022-04-01T18:21:40","modified_gmt":"2022-04-01T18:21:40","slug":"theorie","status":"publish","type":"page","link":"https:\/\/leuchtturm-rechtschreibesystem.ch\/index.php\/lehrmittel\/theorie\/","title":{"rendered":"Theorie"},"content":{"rendered":"\n<h4 class=\"wp-block-heading\">Warum wird die deutsche Rechtschreibung mit dem Leuchtturm-Rechtschreibsystem besonders schnell erlernt?<\/h4>\n\n\n\n<p class=\"has-luminous-vivid-amber-background-color has-background\">Das LTR entlastet das Arbeitsged\u00e4chtnis. Die \u00dcberlastung, bzw. die begrenzte Kapazit\u00e4t des Arbeitsged\u00e4chtnisses ist die Hauptursache f\u00fcr LRS (Lese-Rechtschreib-Schw\u00e4che).<\/p>\n\n\n\n<p>Fr\u00fcher wurden bei LRS im therapeutischen Kontext viele spezifische Wahrnehmungs-und Funktions\u00fcbungen durchgef\u00fchrt. Der Erfolg in der \u00dcbung war erkennbar, im Gesamtkontext (z.B. Aufs\u00e4tze) kamen aber fast alle Fehler zur\u00fcck.<\/p>\n\n\n\n<p class=\"has-vivid-red-color has-luminous-vivid-amber-background-color has-text-color has-background\"><strong>Texte m\u00fcssen deswegen als Ganzes ge\u00fcbt werden.<\/strong><\/p>\n\n\n\n<p class=\"has-luminous-vivid-amber-background-color has-background\">Gesamtkonzept und Gesamtfehlerquellen werden auf ein einfachstes, orthografisches System heruntergebrochen, das mit wenig Aufwand wirkungsvoll und nachhaltig trainiert werden kann.<br>Regel- und Strategiewissen wird auf ein notwendigstes Minimum reduziert. Das heisst, es m\u00fcssen nicht mehr alle Regeln auswendig gelernt werden.<\/p>\n\n\n\n<p class=\"has-vivid-red-color has-luminous-vivid-amber-background-color has-text-color has-background\">Mit dem LTR profitieren <strong>alle Leistungsgruppen<\/strong> gleichermassen!<\/p>\n\n\n\n<p><strong>\u203a <\/strong>Dosierte \u00dcbungsportionen in regelm\u00e4ssiger Anwendung, in definiertem zeitlichem Rahmen reduzieren die Fehlerzahl nachhaltig.<\/p>\n\n\n\n<p>\u203a Ein Sofortfeedback mit selbst\u00e4ndigem Finden des Fehlers ist ein wichtiger Grund f\u00fcr die grosse Fehlerreduktion und soll in wertsch\u00e4tzender Art durchgef\u00fchrt werden.<\/p>\n\n\n\n<p><strong>\u203a <\/strong>Spielerische Elemente werden als Notwendigkeit erachtet.<\/p>\n\n\n\n<p><strong>\u203a <\/strong>90% aller Fehler werden mit dem Leuchtturm abgedeckt. Die \u00fcbrigen werden als Nicht-Leuchtturm-Fehler ge\u00fcbt.<\/p>\n\n\n\n<p>Mit dem Leuchtturmsystem kann bis hin zum fehlerfreien Schreiben gearbeitet werden.<\/p>\n\n\n\n<p><br><\/p>\n\n\n\n<h4 class=\"wp-block-heading\">Zusammenhang von Ged\u00e4chtnis und Schriftspracherwerb<\/h4>\n\n\n\n<p>Das unten stehende Diagramm zeigt die Abl\u00e4ufe im Ged\u00e4chtnis beim Schriftspracherwerb.<\/p>\n\n\n\n<figure class=\"wp-block-image size-large\"><img loading=\"lazy\" decoding=\"async\" width=\"1024\" height=\"491\" src=\"https:\/\/leuchtturm-rechtschreibesystem.ch\/wp-content\/uploads\/2022\/04\/Bildschirmfoto-2022-04-01-um-17.06.08-1024x491.png\" alt=\"Das Bild beschreibt die Arbeit von Ultra-Kurzzeit Ged\u00e4chnis, Arbeitsged\u00e4chnis und Langzeitged\u00e4chnis\" class=\"wp-image-228\" srcset=\"https:\/\/leuchtturm-rechtschreibesystem.ch\/wp-content\/uploads\/2022\/04\/Bildschirmfoto-2022-04-01-um-17.06.08-1024x491.png 1024w, https:\/\/leuchtturm-rechtschreibesystem.ch\/wp-content\/uploads\/2022\/04\/Bildschirmfoto-2022-04-01-um-17.06.08-300x144.png 300w, https:\/\/leuchtturm-rechtschreibesystem.ch\/wp-content\/uploads\/2022\/04\/Bildschirmfoto-2022-04-01-um-17.06.08-768x368.png 768w, https:\/\/leuchtturm-rechtschreibesystem.ch\/wp-content\/uploads\/2022\/04\/Bildschirmfoto-2022-04-01-um-17.06.08.png 1418w\" sizes=\"auto, (max-width: 1024px) 100vw, 1024px\" \/><\/figure>\n\n\n\n<p class=\"has-text-align-left\">Die Aufmerksamkeit muss so fokussiert werden, dass die Sekundenbruchteile im Ultrakurzzeitged\u00e4chtnis m\u00f6glichst effizient genutzt werden k\u00f6nnen. Das Arbeitsged\u00e4chtnis stellt danach f\u00fcr LRS-Personen die grosse H\u00fcrde dar, weil es kapazit\u00e4tslimitiert ist. Die klassische Konditionierung durch das Blinken, das einfache Modell des Leuchtturmes und nur notwendigste Regeln und Strategien wirken entlastend. Im Langzeitged\u00e4chtnis finden wir unbegrenztes Aufnahmeverm\u00f6gen. Durch Sofortfeedback werden Fehlmeinungen sofort korrigiert und die W\u00f6rter werden korrekt abgespeichert. Durch mehrmaliges Schreiben werden sie zus\u00e4tzlich im Langzeitged\u00e4chtnis verankert.<\/p>\n\n\n\n<p class=\"has-vivid-green-cyan-color has-text-color has-medium-font-size\">Die wissenschaftlichen Studien haben gezeigt, dass alle Leistungsgruppen von diesem konzentrierten Vorgehen profitieren.<\/p>\n","protected":false},"excerpt":{"rendered":"<p>Warum wird die deutsche Rechtschreibung mit dem Leuchtturm-Rechtschreibsystem besonders schnell erlernt? Das LTR entlastet das Arbeitsged\u00e4chtnis. Die \u00dcberlastung, bzw. die begrenzte Kapazit\u00e4t des Arbeitsged\u00e4chtnisses ist die Hauptursache f\u00fcr LRS (Lese-Rechtschreib-Schw\u00e4che). Fr\u00fcher wurden bei LRS im therapeutischen Kontext viele spezifische Wahrnehmungs-und Funktions\u00fcbungen durchgef\u00fchrt. Der Erfolg in der \u00dcbung war erkennbar, im Gesamtkontext (z.B. Aufs\u00e4tze) kamen aber [&hellip;]<\/p>\n","protected":false},"author":1,"featured_media":0,"parent":72,"menu_order":2,"comment_status":"closed","ping_status":"closed","template":"","meta":{"_monsterinsights_skip_tracking":false,"_monsterinsights_sitenote_active":false,"_monsterinsights_sitenote_note":"","_monsterinsights_sitenote_category":0,"footnotes":""},"class_list":["post-104","page","type-page","status-publish","hentry"],"aioseo_notices":[],"_links":{"self":[{"href":"https:\/\/leuchtturm-rechtschreibesystem.ch\/index.php\/wp-json\/wp\/v2\/pages\/104","targetHints":{"allow":["GET"]}}],"collection":[{"href":"https:\/\/leuchtturm-rechtschreibesystem.ch\/index.php\/wp-json\/wp\/v2\/pages"}],"about":[{"href":"https:\/\/leuchtturm-rechtschreibesystem.ch\/index.php\/wp-json\/wp\/v2\/types\/page"}],"author":[{"embeddable":true,"href":"https:\/\/leuchtturm-rechtschreibesystem.ch\/index.php\/wp-json\/wp\/v2\/users\/1"}],"replies":[{"embeddable":true,"href":"https:\/\/leuchtturm-rechtschreibesystem.ch\/index.php\/wp-json\/wp\/v2\/comments?post=104"}],"version-history":[{"count":10,"href":"https:\/\/leuchtturm-rechtschreibesystem.ch\/index.php\/wp-json\/wp\/v2\/pages\/104\/revisions"}],"predecessor-version":[{"id":255,"href":"https:\/\/leuchtturm-rechtschreibesystem.ch\/index.php\/wp-json\/wp\/v2\/pages\/104\/revisions\/255"}],"up":[{"embeddable":true,"href":"https:\/\/leuchtturm-rechtschreibesystem.ch\/index.php\/wp-json\/wp\/v2\/pages\/72"}],"wp:attachment":[{"href":"https:\/\/leuchtturm-rechtschreibesystem.ch\/index.php\/wp-json\/wp\/v2\/media?parent=104"}],"curies":[{"name":"wp","href":"https:\/\/api.w.org\/{rel}","templated":true}]}}