{"id":234,"date":"2022-04-01T15:27:03","date_gmt":"2022-04-01T15:27:03","guid":{"rendered":"https:\/\/leuchtturm-rechtschreibesystem.ch\/?page_id=234"},"modified":"2022-07-22T12:43:58","modified_gmt":"2022-07-22T12:43:58","slug":"laempchen-bestellen","status":"publish","type":"page","link":"https:\/\/leuchtturm-rechtschreibesystem.ch\/index.php\/lehrmittel\/laempchen-bestellen\/","title":{"rendered":"L\u00e4mpchen bestellen"},"content":{"rendered":"\n<p>Die im Lehrmittel immer wieder vorkommenden L\u00e4mpchen k\u00f6nnen sehr g\u00fcnstig bestellt werden unter: <\/p>\n\n\n\n<p><strong><a href=\"http:\/\/www.amazon.de\" target=\"_blank\" rel=\"noreferrer noopener\">www.amazon.de<\/a><\/strong><\/p>\n\n\n\n<p>&#8222;GOLDGE 24Pcs Schl\u00fcsselanh\u00e4nger Taschenlampe Mini Lampe 4cm&#8220;<br><\/p>\n","protected":false},"excerpt":{"rendered":"<p>Die im Lehrmittel immer wieder vorkommenden L\u00e4mpchen k\u00f6nnen sehr g\u00fcnstig bestellt werden unter: www.amazon.de &#8222;GOLDGE 24Pcs Schl\u00fcsselanh\u00e4nger Taschenlampe Mini Lampe 4cm&#8220;<\/p>\n","protected":false},"author":1,"featured_media":0,"parent":72,"menu_order":5,"comment_status":"closed","ping_status":"closed","template":"","meta":{"_monsterinsights_skip_tracking":false,"_monsterinsights_sitenote_active":false,"_monsterinsights_sitenote_note":"","_monsterinsights_sitenote_category":0,"footnotes":""},"class_list":["post-234","page","type-page","status-publish","hentry"],"aioseo_notices":[],"_links":{"self":[{"href":"https:\/\/leuchtturm-rechtschreibesystem.ch\/index.php\/wp-json\/wp\/v2\/pages\/234","targetHints":{"allow":["GET"]}}],"collection":[{"href":"https:\/\/leuchtturm-rechtschreibesystem.ch\/index.php\/wp-json\/wp\/v2\/pages"}],"about":[{"href":"https:\/\/leuchtturm-rechtschreibesystem.ch\/index.php\/wp-json\/wp\/v2\/types\/page"}],"author":[{"embeddable":true,"href":"https:\/\/leuchtturm-rechtschreibesystem.ch\/index.php\/wp-json\/wp\/v2\/users\/1"}],"replies":[{"embeddable":true,"href":"https:\/\/leuchtturm-rechtschreibesystem.ch\/index.php\/wp-json\/wp\/v2\/comments?post=234"}],"version-history":[{"count":3,"href":"https:\/\/leuchtturm-rechtschreibesystem.ch\/index.php\/wp-json\/wp\/v2\/pages\/234\/revisions"}],"predecessor-version":[{"id":342,"href":"https:\/\/leuchtturm-rechtschreibesystem.ch\/index.php\/wp-json\/wp\/v2\/pages\/234\/revisions\/342"}],"up":[{"embeddable":true,"href":"https:\/\/leuchtturm-rechtschreibesystem.ch\/index.php\/wp-json\/wp\/v2\/pages\/72"}],"wp:attachment":[{"href":"https:\/\/leuchtturm-rechtschreibesystem.ch\/index.php\/wp-json\/wp\/v2\/media?parent=234"}],"curies":[{"name":"wp","href":"https:\/\/api.w.org\/{rel}","templated":true}]}}