{"id":65,"date":"2022-03-23T20:34:59","date_gmt":"2022-03-23T20:34:59","guid":{"rendered":"https:\/\/leuchtturm-rechtschreibesystem.ch\/?page_id=65"},"modified":"2022-03-24T23:25:23","modified_gmt":"2022-03-24T23:25:23","slug":"hanna-egli","status":"publish","type":"page","link":"https:\/\/leuchtturm-rechtschreibesystem.ch\/index.php\/hanna-egli\/","title":{"rendered":"\u00dcber die Autorin"},"content":{"rendered":"\n<h3 class=\"wp-block-heading\">Hanna Egli<\/h3>\n\n\n\n<p><\/p>\n\n\n\n<figure class=\"wp-block-image size-medium\"><img loading=\"lazy\" decoding=\"async\" width=\"300\" height=\"200\" src=\"https:\/\/leuchtturm-rechtschreibesystem.ch\/wp-content\/uploads\/2022\/03\/DSC_9533-Kopie-300x200.jpg\" alt=\"\" class=\"wp-image-165\" srcset=\"https:\/\/leuchtturm-rechtschreibesystem.ch\/wp-content\/uploads\/2022\/03\/DSC_9533-Kopie-300x200.jpg 300w, https:\/\/leuchtturm-rechtschreibesystem.ch\/wp-content\/uploads\/2022\/03\/DSC_9533-Kopie-1024x681.jpg 1024w, https:\/\/leuchtturm-rechtschreibesystem.ch\/wp-content\/uploads\/2022\/03\/DSC_9533-Kopie-768x511.jpg 768w, https:\/\/leuchtturm-rechtschreibesystem.ch\/wp-content\/uploads\/2022\/03\/DSC_9533-Kopie-1536x1022.jpg 1536w, https:\/\/leuchtturm-rechtschreibesystem.ch\/wp-content\/uploads\/2022\/03\/DSC_9533-Kopie-2048x1363.jpg 2048w\" sizes=\"auto, (max-width: 300px) 100vw, 300px\" \/><\/figure>\n\n\n\n<p>Aus einer kreativen Lehrersfamilie stammend, hat sich Hanna Egli schon fr\u00fch f\u00fcr p\u00e4dagogische Fragen interessiert. Nach Matura und P\u00e4dagogischer Hochschule in Z\u00fcrich unterrichtete sie fast zehn Jahre als begeisterte Klassenlehrerin an der Primarschule. Danach schenkte sie den eigenen Kindern eine Zeitlang viel Aufmerksamkeit. Daneben blieb sie der Schule immer treu. Mit einem Dyskalkulie-Diplom und dem Diplom als heilp\u00e4dagogische Fachlehrerin (Pestalozzianum) arbeitete sie vermehrt im therapeutischen Setting. Es war immer ihr Bestreben, das vertiefte psychologische Wissen, das sie sich zus\u00e4tzlich angeeignet hatte, auch f\u00fcr die Schule nutzbar zu machen. Zu ihren T\u00e4tigkeiten geh\u00f6rten auch regelm\u00e4ssige Publikationen in einer renommierten Lehrerzeitschrift. Mit bereits grosser Erfahrung im Umfeld Schule schloss sie im Jahr 2018 den Master als Schulische Heilp\u00e4dagogin an der Hochschule f\u00fcr Heilp\u00e4dagogik (HfH) in Z\u00fcrich ab. Die Reflexion der Praxis an wissenschaftlicher Theorie bereitet ihr grosses Vergn\u00fcgen.<\/p>\n\n\n\n<p>In der Freizeit ist ihr die Familie sehr wichtig: Sie wohnt liebend gerne den Konzerten der professionell musizierenden Tochter bei oder philosophiert mit dem Sohn \u00fcber literarische Themen. Im Winter saust sie zusammen mit ihrem Partner gerne \u00fcber diverse Skipisten oder nutzt auf Reisen jede Gelegenheit, um schnorchelnd pr\u00e4chtige Unterwasserwelten zu erkunden.<\/p>\n","protected":false},"excerpt":{"rendered":"<p>Hanna Egli Aus einer kreativen Lehrersfamilie stammend, hat sich Hanna Egli schon fr\u00fch f\u00fcr p\u00e4dagogische Fragen interessiert. Nach Matura und P\u00e4dagogischer Hochschule in Z\u00fcrich unterrichtete sie fast zehn Jahre als begeisterte Klassenlehrerin an der Primarschule. Danach schenkte sie den eigenen Kindern eine Zeitlang viel Aufmerksamkeit. Daneben blieb sie der Schule immer treu. Mit einem Dyskalkulie-Diplom [&hellip;]<\/p>\n","protected":false},"author":1,"featured_media":0,"parent":0,"menu_order":0,"comment_status":"closed","ping_status":"closed","template":"wp-custom-template-about-template","meta":{"_monsterinsights_skip_tracking":false,"_monsterinsights_sitenote_active":false,"_monsterinsights_sitenote_note":"","_monsterinsights_sitenote_category":0,"footnotes":""},"class_list":["post-65","page","type-page","status-publish","hentry"],"aioseo_notices":[],"_links":{"self":[{"href":"https:\/\/leuchtturm-rechtschreibesystem.ch\/index.php\/wp-json\/wp\/v2\/pages\/65","targetHints":{"allow":["GET"]}}],"collection":[{"href":"https:\/\/leuchtturm-rechtschreibesystem.ch\/index.php\/wp-json\/wp\/v2\/pages"}],"about":[{"href":"https:\/\/leuchtturm-rechtschreibesystem.ch\/index.php\/wp-json\/wp\/v2\/types\/page"}],"author":[{"embeddable":true,"href":"https:\/\/leuchtturm-rechtschreibesystem.ch\/index.php\/wp-json\/wp\/v2\/users\/1"}],"replies":[{"embeddable":true,"href":"https:\/\/leuchtturm-rechtschreibesystem.ch\/index.php\/wp-json\/wp\/v2\/comments?post=65"}],"version-history":[{"count":6,"href":"https:\/\/leuchtturm-rechtschreibesystem.ch\/index.php\/wp-json\/wp\/v2\/pages\/65\/revisions"}],"predecessor-version":[{"id":167,"href":"https:\/\/leuchtturm-rechtschreibesystem.ch\/index.php\/wp-json\/wp\/v2\/pages\/65\/revisions\/167"}],"wp:attachment":[{"href":"https:\/\/leuchtturm-rechtschreibesystem.ch\/index.php\/wp-json\/wp\/v2\/media?parent=65"}],"curies":[{"name":"wp","href":"https:\/\/api.w.org\/{rel}","templated":true}]}}