{"id":95,"date":"2022-03-24T14:37:01","date_gmt":"2022-03-24T14:37:01","guid":{"rendered":"https:\/\/leuchtturm-rechtschreibesystem.ch\/?page_id=95"},"modified":"2022-04-01T18:18:28","modified_gmt":"2022-04-01T18:18:28","slug":"methode","status":"publish","type":"page","link":"https:\/\/leuchtturm-rechtschreibesystem.ch\/index.php\/lehrmittel\/methode\/","title":{"rendered":"Methode \/ Resultate"},"content":{"rendered":"\n<h4 class=\"has-text-align-left wp-block-heading\"><strong>Leuchtturm-Rechtschreibesystem (LTR)<\/strong> <strong>&#8211;<\/strong> <strong>zwei Modelle<\/strong><\/h4>\n\n\n\n<p>Beim Leuchtturm-Rechtschreibesystem handelt es sich um eine Intensivtrainingsform, die in Partnerarbeit durchgef\u00fchrt wird: Die Beteiligten sind der Leuchtturmwart und der Schreiber. Es existieren, je nach Rechtschreib-kompetenz der Partner, zwei unterschiedliche Leuchtturm-Anwendungs-Modelle:<\/p>\n\n\n\n<p><\/p>\n\n\n\n<h5 class=\"has-primary-color has-luminous-vivid-amber-background-color has-text-color has-background wp-block-heading\"><strong>Das betreute Leuchtturmschreiben<\/strong><\/h5>\n\n\n\n<div style=\"height:16px\" aria-hidden=\"true\" class=\"wp-block-spacer\"><\/div>\n\n\n\n<div class=\"wp-block-image\"><figure class=\"aligncenter size-full is-resized\"><img loading=\"lazy\" decoding=\"async\" src=\"https:\/\/leuchtturm-rechtschreibesystem.ch\/wp-content\/uploads\/2022\/03\/images-1.jpeg\" alt=\"\" class=\"wp-image-160\" width=\"132\" height=\"177\"\/><\/figure><\/div>\n\n\n\n<p>Der Leuchtturmwart verf\u00fcgt \u00fcber eine ausgereifte Rechtschreibkompetenz (oftmals ist das die Schulische Heilp\u00e4dagogin oder ein Elternteil). In diesem Falle kann der Schreiber mit seinem eigenen Wortschatz freie Texte formulieren. Der Leuchtturmwart begleitet der Leuchtturmanleitung entsprechend. Diese vereinigt viele p\u00e4dagogische, psychologische und sprachwissenschaftliche Prinzipien.<\/p>\n\n\n\n<h5 class=\"has-primary-color has-luminous-vivid-amber-background-color has-text-color has-background wp-block-heading\"><strong>Das dialogische Partnerschreiben<\/strong><\/h5>\n\n\n\n<div style=\"height:17px\" aria-hidden=\"true\" class=\"wp-block-spacer\"><\/div>\n\n\n\n<div class=\"wp-block-image\"><figure class=\"aligncenter size-full is-resized\"><img loading=\"lazy\" decoding=\"async\" src=\"https:\/\/leuchtturm-rechtschreibesystem.ch\/wp-content\/uploads\/2022\/03\/images-4.jpeg\" alt=\"\" class=\"wp-image-162\" width=\"151\" height=\"128\"\/><\/figure><\/div>\n\n\n\n<p>Sowohl der Leuchtturmwart wie der Schreiber sind der Rechtschreibung noch nicht m\u00e4chtig. Deshalb wird ein niveauangepasster Text ausgew\u00e4hlt. <\/p>\n\n\n\n<p>Im Lehrmittel finden sich viele spielerische, niveaudifferenzierte Partnerschreibtexte aus der Lebenswelt der Kinder. Wer ge\u00fcbt ist, kann Hobbyb\u00fccher oder Zeitungen verwenden.<\/p>\n\n\n\n<h4 class=\"has-secondary-background-color has-background wp-block-heading\"><strong>Resultate<\/strong><\/h4>\n\n\n\n<p>Mit diesem spielerischen Intensivtraining wird in acht bis elf Wochen eine enorme Reduktion der orthografischen Fehlerzahl erreicht.&nbsp;<\/p>\n\n\n\n<p><strong>Mit dem sogenannten \u00abdialogischen Partnerschreiben\u00bb, welches im Klassenverband durchgef\u00fchrt wird, werden in dieser Zeit &#8211; wie wissenschaftliche Studien best\u00e4tigt haben &#8211; im Schnitt 30 % aller Fehler reduziert. Mit dem \u00abbetreuten Leuchtturmschreiben\u00bb, kombiniert mit einem Heimtraining, werden sogar bis 70 % der Fehler eliminiert.<\/strong><\/p>\n\n\n\n<p>Nach diesem Intensivtraining wird das Rechtschreibesystem reduziert weitergef\u00fchrt oder sporadisch aktualisiert.<\/p>\n\n\n\n<p>Die Anwendung eignet sich bis hin zur praktisch fehlerfreien Rechtschreibung.<\/p>\n","protected":false},"excerpt":{"rendered":"<p>Leuchtturm-Rechtschreibesystem (LTR) &#8211; zwei Modelle Beim Leuchtturm-Rechtschreibesystem handelt es sich um eine Intensivtrainingsform, die in Partnerarbeit durchgef\u00fchrt wird: Die Beteiligten sind der Leuchtturmwart und der Schreiber. Es existieren, je nach Rechtschreib-kompetenz der Partner, zwei unterschiedliche Leuchtturm-Anwendungs-Modelle: Das betreute Leuchtturmschreiben Der Leuchtturmwart verf\u00fcgt \u00fcber eine ausgereifte Rechtschreibkompetenz (oftmals ist das die Schulische Heilp\u00e4dagogin oder ein Elternteil). [&hellip;]<\/p>\n","protected":false},"author":1,"featured_media":0,"parent":72,"menu_order":1,"comment_status":"closed","ping_status":"closed","template":"","meta":{"_monsterinsights_skip_tracking":false,"_monsterinsights_sitenote_active":false,"_monsterinsights_sitenote_note":"","_monsterinsights_sitenote_category":0,"footnotes":""},"class_list":["post-95","page","type-page","status-publish","hentry"],"aioseo_notices":[],"_links":{"self":[{"href":"https:\/\/leuchtturm-rechtschreibesystem.ch\/index.php\/wp-json\/wp\/v2\/pages\/95","targetHints":{"allow":["GET"]}}],"collection":[{"href":"https:\/\/leuchtturm-rechtschreibesystem.ch\/index.php\/wp-json\/wp\/v2\/pages"}],"about":[{"href":"https:\/\/leuchtturm-rechtschreibesystem.ch\/index.php\/wp-json\/wp\/v2\/types\/page"}],"author":[{"embeddable":true,"href":"https:\/\/leuchtturm-rechtschreibesystem.ch\/index.php\/wp-json\/wp\/v2\/users\/1"}],"replies":[{"embeddable":true,"href":"https:\/\/leuchtturm-rechtschreibesystem.ch\/index.php\/wp-json\/wp\/v2\/comments?post=95"}],"version-history":[{"count":11,"href":"https:\/\/leuchtturm-rechtschreibesystem.ch\/index.php\/wp-json\/wp\/v2\/pages\/95\/revisions"}],"predecessor-version":[{"id":226,"href":"https:\/\/leuchtturm-rechtschreibesystem.ch\/index.php\/wp-json\/wp\/v2\/pages\/95\/revisions\/226"}],"up":[{"embeddable":true,"href":"https:\/\/leuchtturm-rechtschreibesystem.ch\/index.php\/wp-json\/wp\/v2\/pages\/72"}],"wp:attachment":[{"href":"https:\/\/leuchtturm-rechtschreibesystem.ch\/index.php\/wp-json\/wp\/v2\/media?parent=95"}],"curies":[{"name":"wp","href":"https:\/\/api.w.org\/{rel}","templated":true}]}}