{"id":97,"date":"2022-03-24T14:42:12","date_gmt":"2022-03-24T14:42:12","guid":{"rendered":"https:\/\/leuchtturm-rechtschreibesystem.ch\/?page_id=97"},"modified":"2023-01-15T00:19:33","modified_gmt":"2023-01-15T00:19:33","slug":"zielgruppe","status":"publish","type":"page","link":"https:\/\/leuchtturm-rechtschreibesystem.ch\/index.php\/lehrmittel\/zielgruppe\/","title":{"rendered":"Zielgruppe"},"content":{"rendered":"\n<p class=\"has-luminous-vivid-amber-background-color has-background\">Die Methode wird f\u00fcr verschiedene Zielgruppen vorgestellt: Klassenlehrpersonen, Heilp\u00e4dagoginnen, Eltern und Erwachsene, die mit ihren Kindern an deren Rechtschreibung oder an der eigenen arbeiten wollen. Alle k\u00f6nnen profitieren.<\/p>\n\n\n\n<p class=\"has-luminous-vivid-amber-background-color has-background\">F\u00fcr Lehrpersonen wird das LTR nach einer sorgf\u00e4ltigen Einf\u00fchrung zum Selbstl\u00e4ufer.<\/p>\n\n\n\n<p>Der Einstieg ins Lehrmittel kann auch \u00fcber den Begr\u00fcssungsbrief der jeweiligen Zielgruppe (Handbuch) erfolgen. <\/p>\n\n\n\n<h5 class=\"wp-block-heading\">Othografische Voraussetzungen f\u00fcr die Arbeit mit dem LTR<\/h5>\n\n\n\n<ul class=\"wp-block-list\" type=\"1\">\n<li>Um mit dem LTR zu arbeiten, sollte die deutsche Sprache auf <strong>lautgetreuer Basis<\/strong> (Buchstabe f\u00fcr Buchstabe schreiben k\u00f6nnen, was man h\u00f6rt) angewendet werden k\u00f6nnen. Je mehr Vorwissen in den einzelnen Leuchtturm-Kategorien schon vorhanden ist, desto schneller entwickelt sich die Fehlerreduktion.<\/li>\n\n\n\n<li><strong>Altersstufe<\/strong>: Allgemein ab 4.Klasse bis Oberstufe oder weiter&#8230;\n<ul class=\"wp-block-list\">\n<li>Bei entsprechenden Voraussetzungen schon ab 3. Klasse<\/li>\n<\/ul>\n<\/li>\n<\/ul>\n\n\n\n<div style=\"height:28px\" aria-hidden=\"true\" class=\"wp-block-spacer\"><\/div>\n\n\n\n<h3 class=\"wp-block-heading\">Flyer<\/h3>\n\n\n\n<figure class=\"wp-block-image size-large\"><img loading=\"lazy\" decoding=\"async\" width=\"1024\" height=\"992\" src=\"https:\/\/leuchtturm-rechtschreibesystem.ch\/wp-content\/uploads\/2022\/03\/Bildschirmfoto-2022-03-26-um-07.24.42-1024x992.png\" alt=\"Bild des Flyers des Lehrmittels\" class=\"wp-image-172\" srcset=\"https:\/\/leuchtturm-rechtschreibesystem.ch\/wp-content\/uploads\/2022\/03\/Bildschirmfoto-2022-03-26-um-07.24.42-1024x992.png 1024w, https:\/\/leuchtturm-rechtschreibesystem.ch\/wp-content\/uploads\/2022\/03\/Bildschirmfoto-2022-03-26-um-07.24.42-300x291.png 300w, https:\/\/leuchtturm-rechtschreibesystem.ch\/wp-content\/uploads\/2022\/03\/Bildschirmfoto-2022-03-26-um-07.24.42-768x744.png 768w, https:\/\/leuchtturm-rechtschreibesystem.ch\/wp-content\/uploads\/2022\/03\/Bildschirmfoto-2022-03-26-um-07.24.42.png 1418w\" sizes=\"auto, (max-width: 1024px) 100vw, 1024px\" \/><\/figure>\n\n\n\n<p><\/p>\n\n\n\n<p><\/p>\n","protected":false},"excerpt":{"rendered":"<p>Die Methode wird f\u00fcr verschiedene Zielgruppen vorgestellt: Klassenlehrpersonen, Heilp\u00e4dagoginnen, Eltern und Erwachsene, die mit ihren Kindern an deren Rechtschreibung oder an der eigenen arbeiten wollen. Alle k\u00f6nnen profitieren. F\u00fcr Lehrpersonen wird das LTR nach einer sorgf\u00e4ltigen Einf\u00fchrung zum Selbstl\u00e4ufer. Der Einstieg ins Lehrmittel kann auch \u00fcber den Begr\u00fcssungsbrief der jeweiligen Zielgruppe (Handbuch) erfolgen. Othografische Voraussetzungen [&hellip;]<\/p>\n","protected":false},"author":1,"featured_media":0,"parent":72,"menu_order":0,"comment_status":"closed","ping_status":"closed","template":"","meta":{"_monsterinsights_skip_tracking":false,"_monsterinsights_sitenote_active":false,"_monsterinsights_sitenote_note":"","_monsterinsights_sitenote_category":0,"footnotes":""},"class_list":["post-97","page","type-page","status-publish","hentry"],"aioseo_notices":[],"_links":{"self":[{"href":"https:\/\/leuchtturm-rechtschreibesystem.ch\/index.php\/wp-json\/wp\/v2\/pages\/97","targetHints":{"allow":["GET"]}}],"collection":[{"href":"https:\/\/leuchtturm-rechtschreibesystem.ch\/index.php\/wp-json\/wp\/v2\/pages"}],"about":[{"href":"https:\/\/leuchtturm-rechtschreibesystem.ch\/index.php\/wp-json\/wp\/v2\/types\/page"}],"author":[{"embeddable":true,"href":"https:\/\/leuchtturm-rechtschreibesystem.ch\/index.php\/wp-json\/wp\/v2\/users\/1"}],"replies":[{"embeddable":true,"href":"https:\/\/leuchtturm-rechtschreibesystem.ch\/index.php\/wp-json\/wp\/v2\/comments?post=97"}],"version-history":[{"count":19,"href":"https:\/\/leuchtturm-rechtschreibesystem.ch\/index.php\/wp-json\/wp\/v2\/pages\/97\/revisions"}],"predecessor-version":[{"id":415,"href":"https:\/\/leuchtturm-rechtschreibesystem.ch\/index.php\/wp-json\/wp\/v2\/pages\/97\/revisions\/415"}],"up":[{"embeddable":true,"href":"https:\/\/leuchtturm-rechtschreibesystem.ch\/index.php\/wp-json\/wp\/v2\/pages\/72"}],"wp:attachment":[{"href":"https:\/\/leuchtturm-rechtschreibesystem.ch\/index.php\/wp-json\/wp\/v2\/media?parent=97"}],"curies":[{"name":"wp","href":"https:\/\/api.w.org\/{rel}","templated":true}]}}